{"id":33,"date":"2017-04-27T17:47:18","date_gmt":"2017-04-27T17:47:18","guid":{"rendered":"http:\/\/www.meiloger.com\/?page_id=33"},"modified":"2019-05-03T07:01:45","modified_gmt":"2019-05-03T07:01:45","slug":"home","status":"publish","type":"page","link":"https:\/\/meiloger.com\/","title":{"rendered":"Wir l\u00f6sen Ihr Platzproblem!  Das Lager im Stubaital!"},"content":{"rendered":"<div id=\"pl-33\"  class=\"panel-layout\" >\n<div id=\"pg-33-0\"  class=\"panel-grid panel-no-style\"  data-style=\"{&quot;background_display&quot;:&quot;tile&quot;,&quot;cell_alignment&quot;:&quot;flex-start&quot;}\" >\n<div id=\"pgc-33-0-0\"  class=\"panel-grid-cell\"  data-style=\"{&quot;background_display&quot;:&quot;tile&quot;,&quot;vertical_alignment&quot;:&quot;auto&quot;}\"  data-weight=\"0.34419263456091\" >\n<div id=\"panel-33-0-0-0\" class=\"so-panel widget widget_sow-editor panel-first-child panel-last-child\" data-index=\"0\" data-style=\"{&quot;background_image_attachment&quot;:false,&quot;background_display&quot;:&quot;tile&quot;}\" >\n<div class=\"so-widget-sow-editor so-widget-sow-editor-base\">\n<div class=\"siteorigin-widget-tinymce textwidget\">\n<p><span style=\"font-size: 18pt;\"><strong><span style=\"font-family: comic sans ms,sans-serif;\">Wir lagern&#8230;<\/span><\/strong><\/span><\/p>\n<ul>\n<li><span style=\"font-size: 18pt; font-family: comic sans ms,sans-serif;\">Motorr\u00e4der<\/span><\/li>\n<li><span style=\"font-size: 18pt; font-family: comic sans ms,sans-serif;\">Fahrr\u00e4der<\/span><\/li>\n<li><span style=\"font-size: 18pt; font-family: comic sans ms,sans-serif;\">Wintersportausr\u00fcstungen<\/span><\/li>\n<li><span style=\"font-size: 18pt; font-family: comic sans ms,sans-serif;\">Gartenger\u00e4te<\/span><\/li>\n<li><span style=\"font-family: comic sans ms,sans-serif; font-size: 18pt;\">Sommer\/Winterreifen<\/span><\/li>\n<li><span style=\"font-size: 18pt; font-family: comic sans ms,sans-serif;\">M\u00f6bel<\/span><\/li>\n<li><span style=\"font-size: 18pt; font-family: comic sans ms,sans-serif;\">Kartons\/Kisten<\/span><\/li>\n<li><span style=\"font-size: 18pt; font-family: comic sans ms,sans-serif;\">usw.<\/span><\/li>\n<\/ul>\n<\/div>\n<\/div>\n<\/div>\n<\/div>\n<div id=\"pgc-33-0-1\"  class=\"panel-grid-cell\"  data-weight=\"0.65580736543909\" >\n<div id=\"panel-33-0-1-0\" class=\"so-panel widget widget_sow-editor panel-first-child panel-last-child\" data-index=\"1\" data-style=\"{&quot;background_image_attachment&quot;:false,&quot;background_display&quot;:&quot;tile&quot;}\" >\n<div class=\"so-widget-sow-editor so-widget-sow-editor-base\">\n<div class=\"siteorigin-widget-tinymce textwidget\">\n<p><span style=\"font-size: 18pt;\"><strong><span style=\"font-family: comic sans ms,sans-serif;\">Die Vorteile sprechen f\u00fcr sich! <a href=\"https:\/\/meiloger.com\/?page_id=49\">Jetzt anfragen!<br \/>\n<\/a><\/span><\/strong><\/span><\/p>\n<p><span style=\"font-size: 18pt;\"><span style=\"font-family: comic sans ms, sans-serif;\">Neu errichtetes, kleines und \u00fcbersichtliches Lager mit 6 Lagerboxen<br \/>\n<\/span><\/span><\/p>\n<ul>\n<li><span style=\"font-size: 18pt;\"><span style=\"font-family: comic sans ms, sans-serif;\">Extra gro\u00dfe T\u00fcren mit 120x 220cm <\/span><\/span><\/li>\n<li><span style=\"font-size: 18pt;\"><span style=\"font-family: comic sans ms, sans-serif;\">24 Stunden am Tag und 365 Tage im Jahr zug\u00e4nglich!<\/span><\/span><\/li>\n<li><span style=\"font-size: 18pt;\"><span style=\"font-family: comic sans ms, sans-serif;\">G\u00fcnstige Preise<\/span><\/span><\/li>\n<li><span style=\"font-size: 18pt;\"><span style=\"font-family: comic sans ms, sans-serif;\">Nur 20 Minuten von Innsbruck entfernt<\/span><\/span><\/li>\n<li><span style=\"font-size: 18pt; font-family: comic sans ms,sans-serif;\">Verkehrsg\u00fcnstig, direkt neben der Bundesstra\u00dfe gelegen<br \/>\n<\/span><\/li>\n<\/ul>\n<\/div>\n<\/div>\n<\/div>\n<\/div>\n<\/div>\n<\/div>\n","protected":false},"excerpt":{"rendered":"<p>Wir lagern&#8230; Motorr\u00e4der Fahrr\u00e4der Wintersportausr\u00fcstungen Gartenger\u00e4te Sommer\/Winterreifen M\u00f6bel Kartons\/Kisten usw. Die Vorteile sprechen f\u00fcr sich! Jetzt anfragen! Neu errichtetes, kleines und \u00fcbersichtliches Lager mit 6 Lagerboxen Extra gro\u00dfe T\u00fcren mit 120x 220cm 24 Stunden am Tag und 365 Tage im &hellip; <a href=\"https:\/\/meiloger.com\/\">Weiterlesen <span class=\"meta-nav\">&rarr;<\/span><\/a><\/p>\n","protected":false},"author":1,"featured_media":0,"parent":0,"menu_order":0,"comment_status":"closed","ping_status":"closed","template":"","meta":{"footnotes":""},"class_list":["post-33","page","type-page","status-publish","hentry"],"_links":{"self":[{"href":"https:\/\/meiloger.com\/index.php?rest_route=\/wp\/v2\/pages\/33","targetHints":{"allow":["GET"]}}],"collection":[{"href":"https:\/\/meiloger.com\/index.php?rest_route=\/wp\/v2\/pages"}],"about":[{"href":"https:\/\/meiloger.com\/index.php?rest_route=\/wp\/v2\/types\/page"}],"author":[{"embeddable":true,"href":"https:\/\/meiloger.com\/index.php?rest_route=\/wp\/v2\/users\/1"}],"replies":[{"embeddable":true,"href":"https:\/\/meiloger.com\/index.php?rest_route=%2Fwp%2Fv2%2Fcomments&post=33"}],"version-history":[{"count":73,"href":"https:\/\/meiloger.com\/index.php?rest_route=\/wp\/v2\/pages\/33\/revisions"}],"predecessor-version":[{"id":232,"href":"https:\/\/meiloger.com\/index.php?rest_route=\/wp\/v2\/pages\/33\/revisions\/232"}],"wp:attachment":[{"href":"https:\/\/meiloger.com\/index.php?rest_route=%2Fwp%2Fv2%2Fmedia&parent=33"}],"curies":[{"name":"wp","href":"https:\/\/api.w.org\/{rel}","templated":true}]}}